{"id":108,"date":"2024-10-31T12:28:23","date_gmt":"2024-10-31T12:28:23","guid":{"rendered":"https:\/\/campus.irgm.edu.ar\/?page_id=108"},"modified":"2026-03-30T10:09:31","modified_gmt":"2026-03-30T10:09:31","slug":"canales-de-comunicacion","status":"publish","type":"page","link":"https:\/\/campus.irgm.edu.ar\/index.php\/canales-de-comunicacion\/","title":{"rendered":"Canales de Comunicaci\u00f3n"},"content":{"rendered":"\n<p class=\"has-text-align-center has-small-font-size\"><strong>Representaci\u00f3n Legal<\/strong>: <em>Prof. Daniel H. Herrera<\/em> &#8211; <strong>representacionlegal@irgm.edu.ar<\/strong><\/p>\n\n\n\n<p class=\"has-text-align-center has-small-font-size\"><strong>Direcci\u00f3n<\/strong>: <em>Prof. Lic. Alberto Arocena<\/em> &#8211; <strong>direccion@irgm.edu.ar<\/strong><\/p>\n\n\n\n<p class=\"has-text-align-center has-small-font-size\"><strong>Vicedirecci\u00f3n<\/strong>: <em>Prof. Celeste Carreras<\/em> &#8211; <strong>vicedireccion@irgm.edu.ar<\/strong><\/p>\n\n\n\n<p class=\"has-text-align-center has-small-font-size\"><strong>Secretar\u00eda Acad\u00e9mica<\/strong>: &#8211; <strong>secretaria@irgm.edu.ar<\/strong><\/p>\n\n\n\n<p class=\"has-text-align-center has-small-font-size\"><strong>Gabinete Psicopedag\u00f3gico<\/strong> &#8211; <strong>gabinetepsp@irgm.edu.ar<\/strong><\/p>\n\n\n\n<p class=\"has-text-align-center has-small-font-size\"><strong>SECRETAR\u00cdA, d\u00edas y horarios de atenci\u00f3n: <\/strong><em>Lunes a Viernes de 8 a 11:00 hs.<\/em><\/p>\n\n\n\n<p class=\"has-text-align-center has-small-font-size\"><strong>ADMINISTRACI\u00d3N, d\u00edas y horarios de atenci\u00f3n: <\/strong><em>Lunes a Viernes de 8:00 a 12:30 hs. &#8211; i.ramongarciamartinez@irgm.edu.ar<\/em><\/p>\n\n\n\n<p class=\"has-text-align-center\"><strong>Conmutador de Recepci\u00f3n: <\/strong><em>(0351) 5042563<\/em><\/p>\n\n\n\n<div style=\"height:50px\" aria-hidden=\"true\" class=\"wp-block-spacer\"><\/div>\n","protected":false},"excerpt":{"rendered":"<p>Representaci\u00f3n Legal: Prof. Daniel H. Herrera &#8211; representacionlegal@irgm.edu.ar Direcci\u00f3n: Prof. Lic. Alberto Arocena &#8211; direccion@irgm.edu.ar Vicedirecci\u00f3n: Prof. Celeste Carreras &#8211; vicedireccion@irgm.edu.ar Secretar\u00eda Acad\u00e9mica: &#8211; secretaria@irgm.edu.ar Gabinete Psicopedag\u00f3gico &#8211; gabinetepsp@irgm.edu.ar SECRETAR\u00cdA, d\u00edas y horarios de atenci\u00f3n: Lunes a Viernes de 8 a 11:00 hs. ADMINISTRACI\u00d3N, d\u00edas y horarios de atenci\u00f3n: Lunes a Viernes de 8:00 a [&hellip;]<\/p>\n","protected":false},"author":1,"featured_media":0,"parent":0,"menu_order":0,"comment_status":"closed","ping_status":"closed","template":"","meta":{"footnotes":""},"class_list":["post-108","page","type-page","status-publish","hentry"],"_links":{"self":[{"href":"https:\/\/campus.irgm.edu.ar\/index.php\/wp-json\/wp\/v2\/pages\/108","targetHints":{"allow":["GET"]}}],"collection":[{"href":"https:\/\/campus.irgm.edu.ar\/index.php\/wp-json\/wp\/v2\/pages"}],"about":[{"href":"https:\/\/campus.irgm.edu.ar\/index.php\/wp-json\/wp\/v2\/types\/page"}],"author":[{"embeddable":true,"href":"https:\/\/campus.irgm.edu.ar\/index.php\/wp-json\/wp\/v2\/users\/1"}],"replies":[{"embeddable":true,"href":"https:\/\/campus.irgm.edu.ar\/index.php\/wp-json\/wp\/v2\/comments?post=108"}],"version-history":[{"count":25,"href":"https:\/\/campus.irgm.edu.ar\/index.php\/wp-json\/wp\/v2\/pages\/108\/revisions"}],"predecessor-version":[{"id":1097,"href":"https:\/\/campus.irgm.edu.ar\/index.php\/wp-json\/wp\/v2\/pages\/108\/revisions\/1097"}],"wp:attachment":[{"href":"https:\/\/campus.irgm.edu.ar\/index.php\/wp-json\/wp\/v2\/media?parent=108"}],"curies":[{"name":"wp","href":"https:\/\/api.w.org\/{rel}","templated":true}]}}